{"id":3051,"date":"2018-04-04T19:21:42","date_gmt":"2018-04-04T19:21:42","guid":{"rendered":"http:\/\/jeanologia-laser.com\/blog\/"},"modified":"2018-04-04T19:21:42","modified_gmt":"2018-04-04T19:21:42","slug":"blog","status":"publish","type":"page","link":"http:\/\/jeanologia-laser.com\/en\/blog\/","title":{"rendered":"Blog"},"content":{"rendered":"<p>[et_pb_section bb_built=&#8221;1&#8243; fullwidth=&#8221;on&#8221; _builder_version=&#8221;3.0.89&#8243; custom_padding=&#8221;0px|0px|0px|0px&#8221; global_module=&#8221;764&#8243;][et_pb_fullwidth_post_title global_parent=&#8221;764&#8243; meta=&#8221;off&#8221; featured_image=&#8221;off&#8221; _builder_version=&#8221;3.0.90&#8243; title_font_size=&#8221;50px&#8221; custom_margin=&#8221;-80px||5px|&#8221; custom_padding=&#8221;|||&#8221; title=&#8221;on&#8221; author=&#8221;on&#8221; date=&#8221;on&#8221; categories=&#8221;on&#8221; comments=&#8221;on&#8221; featured_placement=&#8221;below&#8221; text_color=&#8221;dark&#8221; text_background=&#8221;off&#8221;]<\/p>\n<p>\u00a0<\/p>\n<p>[\/et_pb_fullwidth_post_title][\/et_pb_section][et_pb_section bb_built=&#8221;1&#8243; _builder_version=&#8221;3.0.89&#8243; custom_padding=&#8221;0px|0px|0px|0px&#8221; disabled_on=&#8221;on|on|off&#8221; disabled=&#8221;off&#8221; locked=&#8221;off&#8221; global_module=&#8221;671&#8243;][et_pb_row global_parent=&#8221;671&#8243; custom_padding=&#8221;0px|0px|0px|0px&#8221; _builder_version=&#8221;3.0.47&#8243; background_size=&#8221;initial&#8221; background_position=&#8221;top_left&#8221; background_repeat=&#8221;repeat&#8221; parent_locked=&#8221;off&#8221;][et_pb_column type=&#8221;4_4&#8243;][et_pb_text admin_label=&#8221;Breadcrumb&#8221; global_parent=&#8221;671&#8243; module_class=&#8221;breadcrumb-text&#8221; _builder_version=&#8221;3.0.87&#8243; parent_locked=&#8221;off&#8221;]<\/p>\n\t<img src=\"\/wp-content\/uploads\/2017\/11\/pin.png\" width=\"13px\">\n<span><span class=\"breadcrumb_last\">Home<\/span><\/span>\n<p>[\/et_pb_text][\/et_pb_column][\/et_pb_row][\/et_pb_section][et_pb_section bb_built=&#8221;1&#8243;][et_pb_row][et_pb_column type=&#8221;4_4&#8243;][et_pb_blog _builder_version=&#8221;3.0.90&#8243; include_categories=&#8221;1&#8243; show_content=&#8221;off&#8221; show_thumbnail=&#8221;on&#8221; show_more=&#8221;on&#8221; show_author=&#8221;off&#8221; show_date=&#8221;on&#8221; show_categories=&#8221;off&#8221; show_comments=&#8221;on&#8221; show_pagination=&#8221;on&#8221; fullwidth=&#8221;off&#8221; use_dropshadow=&#8221;on&#8221; use_overlay=&#8221;on&#8221; background_layout=&#8221;light&#8221; pagination_font_size_tablet=&#8221;51&#8243; pagination_line_height_tablet=&#8221;2&#8243; posts_number=&#8221;9&#8243; \/][\/et_pb_column][\/et_pb_row][\/et_pb_section][et_pb_section bb_built=&#8221;1&#8243; fullwidth=&#8221;off&#8221; specialty=&#8221;off&#8221; _builder_version=&#8221;3.0.90&#8243; background_image=&#8221;http:\/\/jeanologia-laser.com\/wp-content\/uploads\/2017\/12\/bg-cta1-form.png&#8221; global_module=&#8221;1679&#8243;][et_pb_row global_parent=&#8221;1679&#8243;][et_pb_column type=&#8221;4_4&#8243;][et_pb_text global_parent=&#8221;1679&#8243; _builder_version=&#8221;3.0.89&#8243; background_layout=&#8221;light&#8221; text_orientation=&#8221;center&#8221; module_alignment=&#8221;center&#8221;]<\/p>\n<h2>\u00bfEn qu\u00e9 podemos ayudarte?<\/h2>\n<p>[\/et_pb_text][et_pb_contact_form global_parent=&#8221;1679&#8243; _builder_version=&#8221;3.0.89&#8243; captcha=&#8221;off&#8221; use_redirect=&#8221;off&#8221; custom_button=&#8221;off&#8221; button_icon_placement=&#8221;right&#8221;]<\/p>\n<p>[et_pb_contact_field field_title=&#8221;Nombre&#8221; field_type=&#8221;input&#8221; field_id=&#8221;Name&#8221; required_mark=&#8221;on&#8221; fullwidth_field=&#8221;off&#8221; _builder_version=&#8221;3.0.89&#8243; \/][et_pb_contact_field field_title=&#8221;Empresa&#8221; field_type=&#8221;input&#8221; field_id=&#8221;Empresa&#8221; required_mark=&#8221;on&#8221; fullwidth_field=&#8221;off&#8221; _builder_version=&#8221;3.0.89&#8243; checkbox_checked=&#8221;off&#8221; checkbox_options=&#8221;%91{%22value%22:%22Nombre%22,%22checked%22:0}%93&#8243; radio_options=&#8221;%91{%22value%22:%22Nombre%22,%22checked%22:0}%93&#8243; select_options=&#8221;%91{%22value%22:%22Nombre%22,%22checked%22:0}%93&#8243; min_length=&#8221;0&#8243; max_length=&#8221;0&#8243; allowed_symbols=&#8221;all&#8221; conditional_logic=&#8221;off&#8221; conditional_logic_relation=&#8221;off&#8221; conditional_logic_rules=&#8221;%91{%22field%22:%22name%22,%22condition%22:%22is%22,%22value%22:%22%22}%93&#8243; use_background_color_gradient=&#8221;off&#8221; background_color_gradient_start=&#8221;#2b87da&#8221; background_color_gradient_end=&#8221;#29c4a9&#8243; background_color_gradient_type=&#8221;linear&#8221; background_color_gradient_direction=&#8221;180deg&#8221; background_color_gradient_direction_radial=&#8221;center&#8221; background_color_gradient_start_position=&#8221;0%&#8221; background_color_gradient_end_position=&#8221;100%&#8221; background_color_gradient_overlays_image=&#8221;off&#8221; parallax=&#8221;off&#8221; parallax_method=&#8221;on&#8221; background_size=&#8221;cover&#8221; background_position=&#8221;center&#8221; background_repeat=&#8221;no-repeat&#8221; background_blend=&#8221;normal&#8221; allow_player_pause=&#8221;off&#8221; \/][et_pb_contact_field field_title=&#8221;Direcci\u00f3n de correo electr\u00f3nico&#8221; field_type=&#8221;email&#8221; field_id=&#8221;Email&#8221; required_mark=&#8221;on&#8221; fullwidth_field=&#8221;off&#8221; _builder_version=&#8221;3.0.89&#8243; checkbox_checked=&#8221;off&#8221; checkbox_options=&#8221;%91{%22value%22:%22Direcci\u00f3n de correo electr\u00f3nico%22,%22checked%22:0}%93&#8243; radio_options=&#8221;%91{%22value%22:%22Direcci\u00f3n de correo electr\u00f3nico%22,%22checked%22:0}%93&#8243; select_options=&#8221;%91{%22value%22:%22Direcci\u00f3n de correo electr\u00f3nico%22,%22checked%22:0}%93&#8243; min_length=&#8221;0&#8243; max_length=&#8221;0&#8243; allowed_symbols=&#8221;all&#8221; conditional_logic=&#8221;off&#8221; conditional_logic_relation=&#8221;off&#8221; conditional_logic_rules=&#8221;%91{%22field%22:%22name%22,%22condition%22:%22is%22,%22value%22:%22%22}%93&#8243; use_background_color_gradient=&#8221;off&#8221; background_color_gradient_start=&#8221;#2b87da&#8221; background_color_gradient_end=&#8221;#29c4a9&#8243; background_color_gradient_type=&#8221;linear&#8221; background_color_gradient_direction=&#8221;180deg&#8221; background_color_gradient_direction_radial=&#8221;center&#8221; background_color_gradient_start_position=&#8221;0%&#8221; background_color_gradient_end_position=&#8221;100%&#8221; background_color_gradient_overlays_image=&#8221;off&#8221; parallax=&#8221;off&#8221; parallax_method=&#8221;on&#8221; background_size=&#8221;cover&#8221; background_position=&#8221;center&#8221; background_repeat=&#8221;no-repeat&#8221; background_blend=&#8221;normal&#8221; allow_player_pause=&#8221;off&#8221; \/][et_pb_contact_field field_title=&#8221;Seleccionar \u00e1rea&#8221; field_type=&#8221;select&#8221; field_id=&#8221;\u00e1rea&#8221; required_mark=&#8221;on&#8221; fullwidth_field=&#8221;off&#8221; _builder_version=&#8221;3.0.89&#8243; checkbox_checked=&#8221;off&#8221; checkbox_options=&#8221;%91{%22value%22:%22Nombre%22,%22checked%22:0}%93&#8243; radio_options=&#8221;%91{%22value%22:%22Nombre%22,%22checked%22:0}%93&#8243; select_options=&#8221;%91{%22value%22:%22Grabado y marcado%22,%22checked%22:0},{%22value%22:%22Procesos de codificaci\u00f3n%22,%22checked%22:0},{%22value%22:%22Procesos de packaging%22,%22checked%22:0},{%22value%22:%22Limpieza%22,%22checked%22:0},{%22value%22:%22Otra%22,%22checked%22:0}%93&#8243; min_length=&#8221;0&#8243; max_length=&#8221;0&#8243; allowed_symbols=&#8221;all&#8221; conditional_logic=&#8221;off&#8221; conditional_logic_relation=&#8221;off&#8221; conditional_logic_rules=&#8221;%91{%22field%22:%22name%22,%22condition%22:%22is%22,%22value%22:%22%22}%93&#8243; use_background_color_gradient=&#8221;off&#8221; background_color_gradient_start=&#8221;#2b87da&#8221; background_color_gradient_end=&#8221;#29c4a9&#8243; background_color_gradient_type=&#8221;linear&#8221; background_color_gradient_direction=&#8221;180deg&#8221; background_color_gradient_direction_radial=&#8221;center&#8221; background_color_gradient_start_position=&#8221;0%&#8221; background_color_gradient_end_position=&#8221;100%&#8221; background_color_gradient_overlays_image=&#8221;off&#8221; parallax=&#8221;off&#8221; parallax_method=&#8221;on&#8221; background_size=&#8221;cover&#8221; background_position=&#8221;center&#8221; background_repeat=&#8221;no-repeat&#8221; background_blend=&#8221;normal&#8221; allow_player_pause=&#8221;off&#8221; \/][et_pb_contact_field field_title=&#8221;Mensaje&#8221; field_type=&#8221;text&#8221; field_id=&#8221;Message&#8221; required_mark=&#8221;on&#8221; fullwidth_field=&#8221;on&#8221; _builder_version=&#8221;3.0.89&#8243; \/]<\/p>\n<p>[\/et_pb_contact_form][\/et_pb_column][\/et_pb_row][\/et_pb_section][et_pb_section bb_built=&#8221;1&#8243; disabled_on=&#8221;off|off|off&#8221; _builder_version=&#8221;3.0.89&#8243; custom_css_main_element=&#8221;padding: 0;&#8221; custom_padding=&#8221;25.25px|0px|0px|0px&#8221; global_module=&#8221;1532&#8243;][et_pb_row global_parent=&#8221;1532&#8243; _builder_version=&#8221;3.0.89&#8243; custom_css_main_element=&#8221;padding: 0;&#8221;][et_pb_column type=&#8221;4_4&#8243;][et_pb_code admin_label=&#8221;Bot\u00f3n flotante&#8221; global_parent=&#8221;1532&#8243; _builder_version=&#8221;3.0.89&#8243;]&lt;style&gt;.at-floating-navigation { z-index: 999999; position: fixed; right: 20px; bottom: 20px; font-family: &amp;#039;Open Sans&amp;#039;, sans-serif; -webkit-font-smoothing: antialiased; -moz-osx-font-smoothing: grayscale; color: #fff; } .at-floating-navigation * { pointer-events: none; } .at-floating-navigation__user { display: -webkit-box; display: -ms-flexbox; display: flex; -webkit-box-align: center; -ms-flex-align: center; align-items: center; -webkit-box-orient: horizontal; -webkit-box-direction: normal; -ms-flex-direction: row; flex-direction: row; border-bottom: 1px solid #fff; padding: 20px; box-sizing: border-box; } .at-floating-navigation__title { color: #fff; margin: 0 0 2px; padding: 0; font-size: 14px !important; } .at-floating-navigation__description { margin: 0; padding: 0; color: #fff; font-size: 12px; } .at-floating-navigation__description a { color: inherit; text-decoration: none; } .at-floating-navigation__button { pointer-events: auto; outline: none; background: #0d2557; width: 60px; height: 60px; border: 1px solid #EEEEEE; border-radius: 100%; font-size: 25px; font-weight: 600; -webkit-transform-origin: center; transform-origin: center; -webkit-transition: 200ms ease; transition: 200ms ease; cursor: pointer; color: #fff; } .at-floating-navigation__menu { position: absolute; right: 0; bottom: 100%; background: #FFFFFF; width: 240px; border: 1px solid #EEEEEE; border-radius: 2px; box-shadow: 0 4px 12px rgba(0, 0, 0, 0.12); -webkit-transform: translateY(0); transform: translateY(0); opacity: 0; -webkit-transition: 200ms ease; transition: 200ms ease; } .at-floating-navigation__item { display: block; width: 100%; height: 40px; border-bottom: 1px solid #EEEEEE; padding: 0 20px; box-sizing: border-box; text-decoration: none; color: #444; font-size: 12px; font-weight: 600; line-height: 40px; } .at-floating-navigation__item:last-child { border-bottom: 0; } .at-floating-navigation&#8211;active * { pointer-events: auto; } .at-floating-navigation&#8211;active .at-floating-navigation__button { -webkit-transform: rotate(45deg); transform: rotate(45deg); } .at-floating-navigation&#8211;active .at-floating-navigation__menu { -webkit-transform: translateY(-10px); transform: translateY(-10px); opacity: 1; } &lt;\/style&gt;&lt;!&#8211; [et_pb_line_break_holder] &#8211;&gt;&lt;!&#8211; [et_pb_line_break_holder] &#8211;&gt;&lt;div class=&quot;at-floating-navigation&quot;&gt; &lt;button class=&quot;at-floating-navigation__button et-pb-icon et-waypoint et_pb_animation_top et-animated&quot; type=&quot;button&quot;&gt;i&lt;\/button&gt; &lt;nav class=&quot;at-floating-navigation__menu&quot;&gt; &lt;a class=&quot;at-floating-navigation__item&quot; href=&quot;\/ver-catalogo-online\/&quot;&gt;Ver cat\u00e1logo en PDF&lt;\/a&gt; &lt;a class=&quot;at-floating-navigation__item&quot; href=&quot;http:\/\/jeanologia-laser.com\/descargas\/catalogo-jeanologia-presentacion.pdf&quot; download=&quot;Cat\u00e1logo Jeanologia&quot;&gt;Descargar cat\u00e1logo en PDF&lt;\/a&gt; &lt;a class=&quot;at-floating-navigation__item&quot; href=&quot;\/enviar-por-email&quot;&gt;Enviar por e-mail&lt;\/a&gt; &lt;\/nav&gt; &lt;\/div&gt;&lt;script&gt;&amp;#039;use strict&amp;#039;; jQuery(&amp;#039;.at-floating-navigation__button&amp;#039;).on(&amp;#039;click&amp;#039;, function (e) { e.preventDefault(); jQuery(this).parent().toggleClass(&amp;#039;at-floating-navigation&#8211;active&amp;#039;); });&lt;\/script&gt;[\/et_pb_code][\/et_pb_column][\/et_pb_row][\/et_pb_section]<\/p>\n","protected":false},"excerpt":{"rendered":"<p>[et_pb_section bb_built=&#8221;1&#8243; fullwidth=&#8221;on&#8221; _builder_version=&#8221;3.0.89&#8243; custom_padding=&#8221;0px|0px|0px|0px&#8221; global_module=&#8221;764&#8243;][et_pb_fullwidth_post_title global_parent=&#8221;764&#8243; meta=&#8221;off&#8221; featured_image=&#8221;off&#8221; _builder_version=&#8221;3.0.90&#8243; title_font_size=&#8221;50px&#8221; custom_margin=&#8221;-80px||5px|&#8221; custom_padding=&#8221;|||&#8221; title=&#8221;on&#8221; author=&#8221;on&#8221; date=&#8221;on&#8221; categories=&#8221;on&#8221; comments=&#8221;on&#8221; featured_placement=&#8221;below&#8221; text_color=&#8221;dark&#8221; text_background=&#8221;off&#8221;] \u00a0 [\/et_pb_fullwidth_post_title][\/et_pb_section][et_pb_section bb_built=&#8221;1&#8243; _builder_version=&#8221;3.0.89&#8243; custom_padding=&#8221;0px|0px|0px|0px&#8221; disabled_on=&#8221;on|on|off&#8221; disabled=&#8221;off&#8221; locked=&#8221;off&#8221; global_module=&#8221;671&#8243;][et_pb_row global_parent=&#8221;671&#8243; custom_padding=&#8221;0px|0px|0px|0px&#8221; _builder_version=&#8221;3.0.47&#8243; background_size=&#8221;initial&#8221; background_position=&#8221;top_left&#8221; background_repeat=&#8221;repeat&#8221; parent_locked=&#8221;off&#8221;][et_pb_column type=&#8221;4_4&#8243;][et_pb_text admin_label=&#8221;Breadcrumb&#8221; global_parent=&#8221;671&#8243; module_class=&#8221;breadcrumb-text&#8221; _builder_version=&#8221;3.0.87&#8243; parent_locked=&#8221;off&#8221;] [\/et_pb_text][\/et_pb_column][\/et_pb_row][\/et_pb_section][et_pb_section bb_built=&#8221;1&#8243;][et_pb_row][et_pb_column type=&#8221;4_4&#8243;][et_pb_blog _builder_version=&#8221;3.0.90&#8243; include_categories=&#8221;1&#8243; show_content=&#8221;off&#8221; show_thumbnail=&#8221;on&#8221; show_more=&#8221;on&#8221; show_author=&#8221;off&#8221; show_date=&#8221;on&#8221; show_categories=&#8221;off&#8221; show_comments=&#8221;on&#8221; [&hellip;]<\/p>\n","protected":false},"author":1,"featured_media":0,"parent":0,"menu_order":0,"comment_status":"closed","ping_status":"closed","template":"","meta":[],"_links":{"self":[{"href":"http:\/\/jeanologia-laser.com\/en\/wp-json\/wp\/v2\/pages\/3051"}],"collection":[{"href":"http:\/\/jeanologia-laser.com\/en\/wp-json\/wp\/v2\/pages"}],"about":[{"href":"http:\/\/jeanologia-laser.com\/en\/wp-json\/wp\/v2\/types\/page"}],"author":[{"embeddable":true,"href":"http:\/\/jeanologia-laser.com\/en\/wp-json\/wp\/v2\/users\/1"}],"replies":[{"embeddable":true,"href":"http:\/\/jeanologia-laser.com\/en\/wp-json\/wp\/v2\/comments?post=3051"}],"version-history":[{"count":1,"href":"http:\/\/jeanologia-laser.com\/en\/wp-json\/wp\/v2\/pages\/3051\/revisions"}],"predecessor-version":[{"id":3052,"href":"http:\/\/jeanologia-laser.com\/en\/wp-json\/wp\/v2\/pages\/3051\/revisions\/3052"}],"wp:attachment":[{"href":"http:\/\/jeanologia-laser.com\/en\/wp-json\/wp\/v2\/media?parent=3051"}],"curies":[{"name":"wp","href":"https:\/\/api.w.org\/{rel}","templated":true}]}}